{"id":207,"date":"2013-07-25T13:59:02","date_gmt":"2013-07-25T13:59:02","guid":{"rendered":"http:\/\/www.bil.com.br\/blog\/?page_id=207"},"modified":"2021-03-11T17:48:46","modified_gmt":"2021-03-11T17:48:46","slug":"sobre-bil-intercambios","status":"publish","type":"page","link":"https:\/\/www.bil.com.br\/blog\/sobre-bil-intercambios\/","title":{"rendered":"Sobre"},"content":{"rendered":"<p>Fundada em 1985, a BIL \u00e9 uma ag\u00eancia de interc\u00e2mbios e operadora de turismo que oferece pacotes para diversos p\u00fablicos e interesses, e tamb\u00e9m com foco em adolescentes. Seu nome significa Brazilian International Living; surgiu da vontade de trazer para o Brasil mais intercambi\u00e1rios do exterior para estudarem no Brasil. Entretanto, a procura por brasileiros que gostariam de estudar fora foi maior, e a BIL assumiu o neg\u00f3cio de ag\u00eancia de interc\u00e2mbio para brasileiros.<\/p>\n<p>Em 1985, seu primeiro produto foi o High School, seguido do F\u00e9rias Teen e por \u00faltimo os interc\u00e2mbios para adultos (cursos e trabalhos).<\/p>\n<p>Muitos col\u00e9gios, escolas de idiomas e professores e ag\u00eancias de turismo indicam a BIL para seus clientes, devido a sua credibilidade e tradi\u00e7\u00e3o.<\/p>\n<p>Hoje, com sede em S\u00e3o Paulo, na Mooca, a BIL trabalha com mais de 430 institui\u00e7\u00f5es internacionais.<\/p>\n<p>Venha para a BIL voc\u00ea tamb\u00e9m.<\/p>\n<div style=\"margin-left: 50px;\"><iframe src=\"\/\/www.youtube.com\/embed\/xajvncgeUJE?rel=0\" width=\"853\" height=\"480\" frameborder=\"0\" allowfullscreen=\"allowfullscreen\"><\/iframe><\/div>\n","protected":false},"excerpt":{"rendered":"<p>Fundada em 1985, a BIL \u00e9 uma ag\u00eancia de interc\u00e2mbios e operadora de turismo que oferece pacotes para diversos p\u00fablicos e interesses, e tamb\u00e9m com foco em adolescentes. Seu nome significa Brazilian International Living; surgiu da vontade de trazer para o Brasil mais intercambi\u00e1rios do exterior para estudarem no Brasil. Entretanto, a procura por brasileiros [&hellip;]<\/p>\n","protected":false},"author":1,"featured_media":0,"parent":0,"menu_order":0,"comment_status":"open","ping_status":"open","template":"","meta":{"om_disable_all_campaigns":false,"_monsterinsights_skip_tracking":false,"_monsterinsights_sitenote_active":false,"_monsterinsights_sitenote_note":"","_monsterinsights_sitenote_category":0,"_uf_show_specific_survey":0,"_uf_disable_surveys":false,"footnotes":""},"class_list":["post-207","page","type-page","status-publish","hentry"],"yoast_head":"<!-- This site is optimized with the Yoast SEO plugin v27.5 - https:\/\/yoast.com\/product\/yoast-seo-wordpress\/ -->\n<title>Sobre &#8226; Blog - BIL Interc\u00e2mbios e Turismo<\/title>\n<meta name=\"description\" content=\"A BIL est\u00e1 no mercado desde 1985 e oferece os melhores destinos e programas para todos os p\u00fablicos e interesses.\" \/>\n<meta name=\"robots\" content=\"index, follow, max-snippet:-1, max-image-preview:large, max-video-preview:-1\" \/>\n<link rel=\"canonical\" href=\"https:\/\/www.bil.com.br\/blog\/sobre-bil-intercambios\/\" \/>\n<meta property=\"og:locale\" content=\"pt_BR\" \/>\n<meta property=\"og:type\" content=\"article\" \/>\n<meta property=\"og:title\" content=\"Sobre &#8226; Blog - BIL Interc\u00e2mbios e Turismo\" \/>\n<meta property=\"og:description\" content=\"A BIL est\u00e1 no mercado desde 1985 e oferece os melhores destinos e programas para todos os p\u00fablicos e interesses.\" \/>\n<meta property=\"og:url\" content=\"https:\/\/www.bil.com.br\/blog\/sobre-bil-intercambios\/\" \/>\n<meta property=\"og:site_name\" content=\"Blog - BIL Interc\u00e2mbios e Turismo\" \/>\n<meta property=\"article:publisher\" content=\"https:\/\/www.facebook.com\/bilintercambios\" \/>\n<meta property=\"article:modified_time\" content=\"2021-03-11T17:48:46+00:00\" \/>\n<meta name=\"twitter:card\" content=\"summary_large_image\" \/>\n<meta name=\"twitter:site\" content=\"@bilintercambios\" \/>\n<meta name=\"twitter:label1\" content=\"Est. tempo de leitura\" \/>\n\t<meta name=\"twitter:data1\" content=\"1 minuto\" \/>\n<script type=\"application\/ld+json\" class=\"yoast-schema-graph\">{\"@context\":\"https:\\\/\\\/schema.org\",\"@graph\":[{\"@type\":\"WebPage\",\"@id\":\"https:\\\/\\\/www.bil.com.br\\\/blog\\\/sobre-bil-intercambios\\\/\",\"url\":\"https:\\\/\\\/www.bil.com.br\\\/blog\\\/sobre-bil-intercambios\\\/\",\"name\":\"Sobre &#8226; Blog - BIL Interc\u00e2mbios e Turismo\",\"isPartOf\":{\"@id\":\"https:\\\/\\\/www.bil.com.br\\\/blog\\\/#website\"},\"datePublished\":\"2013-07-25T13:59:02+00:00\",\"dateModified\":\"2021-03-11T17:48:46+00:00\",\"description\":\"A BIL est\u00e1 no mercado desde 1985 e oferece os melhores destinos e programas para todos os p\u00fablicos e interesses.\",\"breadcrumb\":{\"@id\":\"https:\\\/\\\/www.bil.com.br\\\/blog\\\/sobre-bil-intercambios\\\/#breadcrumb\"},\"inLanguage\":\"pt-BR\",\"potentialAction\":[{\"@type\":\"ReadAction\",\"target\":[\"https:\\\/\\\/www.bil.com.br\\\/blog\\\/sobre-bil-intercambios\\\/\"]}]},{\"@type\":\"BreadcrumbList\",\"@id\":\"https:\\\/\\\/www.bil.com.br\\\/blog\\\/sobre-bil-intercambios\\\/#breadcrumb\",\"itemListElement\":[{\"@type\":\"ListItem\",\"position\":1,\"name\":\"In\u00edcio\",\"item\":\"https:\\\/\\\/www.bil.com.br\\\/blog\\\/\"},{\"@type\":\"ListItem\",\"position\":2,\"name\":\"Sobre\"}]},{\"@type\":\"WebSite\",\"@id\":\"https:\\\/\\\/www.bil.com.br\\\/blog\\\/#website\",\"url\":\"https:\\\/\\\/www.bil.com.br\\\/blog\\\/\",\"name\":\"Blog - Bil Interc\u00e2mbios e Turismo\",\"description\":\"Blog oficial da BIL Interc\u00e2mbios. Somos uma ag\u00eancia de interc\u00e2mbios e operadora de turismo. Desde 1985 levando jovens ao exterior. Cursos longos e cursos de f\u00e9rias e programas de interc\u00e2mbio para todas as idades.\",\"publisher\":{\"@id\":\"https:\\\/\\\/www.bil.com.br\\\/blog\\\/#organization\"},\"potentialAction\":[{\"@type\":\"SearchAction\",\"target\":{\"@type\":\"EntryPoint\",\"urlTemplate\":\"https:\\\/\\\/www.bil.com.br\\\/blog\\\/?s={search_term_string}\"},\"query-input\":{\"@type\":\"PropertyValueSpecification\",\"valueRequired\":true,\"valueName\":\"search_term_string\"}}],\"inLanguage\":\"pt-BR\"},{\"@type\":\"Organization\",\"@id\":\"https:\\\/\\\/www.bil.com.br\\\/blog\\\/#organization\",\"name\":\"BIL Interc\u00e2mbios & Turismo\",\"url\":\"https:\\\/\\\/www.bil.com.br\\\/blog\\\/\",\"logo\":{\"@type\":\"ImageObject\",\"inLanguage\":\"pt-BR\",\"@id\":\"https:\\\/\\\/www.bil.com.br\\\/blog\\\/#\\\/schema\\\/logo\\\/image\\\/\",\"url\":\"\",\"contentUrl\":\"\",\"caption\":\"BIL Interc\u00e2mbios & Turismo\"},\"image\":{\"@id\":\"https:\\\/\\\/www.bil.com.br\\\/blog\\\/#\\\/schema\\\/logo\\\/image\\\/\"},\"sameAs\":[\"https:\\\/\\\/www.facebook.com\\\/bilintercambios\",\"https:\\\/\\\/x.com\\\/bilintercambios\",\"https:\\\/\\\/www.instagram.com\\\/bilintercambios\\\/\",\"https:\\\/\\\/www.linkedin.com\\\/company\\\/bil-interc-mbios\",\"https:\\\/\\\/www.youtube.com\\\/channel\\\/UCvKk5_ODgCq7D2oz2nt4BNQ\"]}]}<\/script>\n<!-- \/ Yoast SEO plugin. -->","yoast_head_json":{"title":"Sobre &#8226; Blog - BIL Interc\u00e2mbios e Turismo","description":"A BIL est\u00e1 no mercado desde 1985 e oferece os melhores destinos e programas para todos os p\u00fablicos e interesses.","robots":{"index":"index","follow":"follow","max-snippet":"max-snippet:-1","max-image-preview":"max-image-preview:large","max-video-preview":"max-video-preview:-1"},"canonical":"https:\/\/www.bil.com.br\/blog\/sobre-bil-intercambios\/","og_locale":"pt_BR","og_type":"article","og_title":"Sobre &#8226; Blog - BIL Interc\u00e2mbios e Turismo","og_description":"A BIL est\u00e1 no mercado desde 1985 e oferece os melhores destinos e programas para todos os p\u00fablicos e interesses.","og_url":"https:\/\/www.bil.com.br\/blog\/sobre-bil-intercambios\/","og_site_name":"Blog - BIL Interc\u00e2mbios e Turismo","article_publisher":"https:\/\/www.facebook.com\/bilintercambios","article_modified_time":"2021-03-11T17:48:46+00:00","twitter_card":"summary_large_image","twitter_site":"@bilintercambios","twitter_misc":{"Est. tempo de leitura":"1 minuto"},"schema":{"@context":"https:\/\/schema.org","@graph":[{"@type":"WebPage","@id":"https:\/\/www.bil.com.br\/blog\/sobre-bil-intercambios\/","url":"https:\/\/www.bil.com.br\/blog\/sobre-bil-intercambios\/","name":"Sobre &#8226; Blog - BIL Interc\u00e2mbios e Turismo","isPartOf":{"@id":"https:\/\/www.bil.com.br\/blog\/#website"},"datePublished":"2013-07-25T13:59:02+00:00","dateModified":"2021-03-11T17:48:46+00:00","description":"A BIL est\u00e1 no mercado desde 1985 e oferece os melhores destinos e programas para todos os p\u00fablicos e interesses.","breadcrumb":{"@id":"https:\/\/www.bil.com.br\/blog\/sobre-bil-intercambios\/#breadcrumb"},"inLanguage":"pt-BR","potentialAction":[{"@type":"ReadAction","target":["https:\/\/www.bil.com.br\/blog\/sobre-bil-intercambios\/"]}]},{"@type":"BreadcrumbList","@id":"https:\/\/www.bil.com.br\/blog\/sobre-bil-intercambios\/#breadcrumb","itemListElement":[{"@type":"ListItem","position":1,"name":"In\u00edcio","item":"https:\/\/www.bil.com.br\/blog\/"},{"@type":"ListItem","position":2,"name":"Sobre"}]},{"@type":"WebSite","@id":"https:\/\/www.bil.com.br\/blog\/#website","url":"https:\/\/www.bil.com.br\/blog\/","name":"Blog - Bil Interc\u00e2mbios e Turismo","description":"Blog oficial da BIL Interc\u00e2mbios. Somos uma ag\u00eancia de interc\u00e2mbios e operadora de turismo. Desde 1985 levando jovens ao exterior. Cursos longos e cursos de f\u00e9rias e programas de interc\u00e2mbio para todas as idades.","publisher":{"@id":"https:\/\/www.bil.com.br\/blog\/#organization"},"potentialAction":[{"@type":"SearchAction","target":{"@type":"EntryPoint","urlTemplate":"https:\/\/www.bil.com.br\/blog\/?s={search_term_string}"},"query-input":{"@type":"PropertyValueSpecification","valueRequired":true,"valueName":"search_term_string"}}],"inLanguage":"pt-BR"},{"@type":"Organization","@id":"https:\/\/www.bil.com.br\/blog\/#organization","name":"BIL Interc\u00e2mbios & Turismo","url":"https:\/\/www.bil.com.br\/blog\/","logo":{"@type":"ImageObject","inLanguage":"pt-BR","@id":"https:\/\/www.bil.com.br\/blog\/#\/schema\/logo\/image\/","url":"","contentUrl":"","caption":"BIL Interc\u00e2mbios & Turismo"},"image":{"@id":"https:\/\/www.bil.com.br\/blog\/#\/schema\/logo\/image\/"},"sameAs":["https:\/\/www.facebook.com\/bilintercambios","https:\/\/x.com\/bilintercambios","https:\/\/www.instagram.com\/bilintercambios\/","https:\/\/www.linkedin.com\/company\/bil-interc-mbios","https:\/\/www.youtube.com\/channel\/UCvKk5_ODgCq7D2oz2nt4BNQ"]}]}},"_links":{"self":[{"href":"https:\/\/www.bil.com.br\/blog\/wp-json\/wp\/v2\/pages\/207","targetHints":{"allow":["GET"]}}],"collection":[{"href":"https:\/\/www.bil.com.br\/blog\/wp-json\/wp\/v2\/pages"}],"about":[{"href":"https:\/\/www.bil.com.br\/blog\/wp-json\/wp\/v2\/types\/page"}],"author":[{"embeddable":true,"href":"https:\/\/www.bil.com.br\/blog\/wp-json\/wp\/v2\/users\/1"}],"replies":[{"embeddable":true,"href":"https:\/\/www.bil.com.br\/blog\/wp-json\/wp\/v2\/comments?post=207"}],"version-history":[{"count":0,"href":"https:\/\/www.bil.com.br\/blog\/wp-json\/wp\/v2\/pages\/207\/revisions"}],"wp:attachment":[{"href":"https:\/\/www.bil.com.br\/blog\/wp-json\/wp\/v2\/media?parent=207"}],"curies":[{"name":"wp","href":"https:\/\/api.w.org\/{rel}","templated":true}]}}