{"id":210,"date":"2013-07-25T14:01:06","date_gmt":"2013-07-25T14:01:06","guid":{"rendered":"http:\/\/www.bil.com.br\/blog\/?page_id=210"},"modified":"2019-09-06T16:49:35","modified_gmt":"2019-09-06T16:49:35","slug":"contato","status":"publish","type":"page","link":"https:\/\/www.bil.com.br\/blog\/contato\/","title":{"rendered":"Contato"},"content":{"rendered":"<h5>&nbsp;<\/h5>\n<p>&nbsp;&nbsp;<\/p>\n<h5>\n<div class=\"wpcf7 no-js\" id=\"wpcf7-f1868-o1\" lang=\"pt-BR\" dir=\"ltr\" data-wpcf7-id=\"1868\">\n<div class=\"screen-reader-response\"><p role=\"status\" aria-live=\"polite\" aria-atomic=\"true\"><\/p> <ul><\/ul><\/div>\n<form action=\"\/blog\/wp-json\/wp\/v2\/pages\/210#wpcf7-f1868-o1\" method=\"post\" class=\"wpcf7-form init\" aria-label=\"Formul\u00e1rios de contato\" novalidate=\"novalidate\" data-status=\"init\">\n<fieldset class=\"hidden-fields-container\"><input type=\"hidden\" name=\"_wpcf7\" value=\"1868\" \/><input type=\"hidden\" name=\"_wpcf7_version\" value=\"6.1.5\" \/><input type=\"hidden\" name=\"_wpcf7_locale\" value=\"pt_BR\" \/><input type=\"hidden\" name=\"_wpcf7_unit_tag\" value=\"wpcf7-f1868-o1\" \/><input type=\"hidden\" name=\"_wpcf7_container_post\" value=\"0\" \/><input type=\"hidden\" name=\"_wpcf7_posted_data_hash\" value=\"\" \/>\n<\/fieldset>\n<p><label> Seu Nome<br \/>\n<span class=\"wpcf7-form-control-wrap\" data-name=\"your-name\"><input size=\"40\" maxlength=\"400\" class=\"wpcf7-form-control wpcf7-text wpcf7-validates-as-required\" aria-required=\"true\" aria-invalid=\"false\" value=\"\" type=\"text\" name=\"your-name\" \/><\/span> <\/label>\n<\/p>\n<p><label> Seu e-mail<br \/>\n<span class=\"wpcf7-form-control-wrap\" data-name=\"your-email\"><input size=\"40\" maxlength=\"400\" class=\"wpcf7-form-control wpcf7-email wpcf7-validates-as-required wpcf7-text wpcf7-validates-as-email\" aria-required=\"true\" aria-invalid=\"false\" value=\"\" type=\"email\" name=\"your-email\" \/><\/span> <\/label>\n<\/p>\n<p><label> Assunto<br \/>\n<span class=\"wpcf7-form-control-wrap\" data-name=\"your-subject\"><input size=\"40\" maxlength=\"400\" class=\"wpcf7-form-control wpcf7-text\" aria-invalid=\"false\" value=\"\" type=\"text\" name=\"your-subject\" \/><\/span> <\/label>\n<\/p>\n<p><label> Sua Mensagem<br \/>\n<span class=\"wpcf7-form-control-wrap\" data-name=\"your-message\"><textarea cols=\"40\" rows=\"10\" maxlength=\"2000\" class=\"wpcf7-form-control wpcf7-textarea\" aria-invalid=\"false\" name=\"your-message\"><\/textarea><\/span> <\/label>\n<\/p>\n<p><input class=\"wpcf7-form-control wpcf7-submit has-spinner\" type=\"submit\" value=\"Enviar\" \/>\n<\/p><p style=\"display: none !important;\" class=\"akismet-fields-container\" data-prefix=\"_wpcf7_ak_\"><label>&#916;<textarea name=\"_wpcf7_ak_hp_textarea\" cols=\"45\" rows=\"8\" maxlength=\"100\"><\/textarea><\/label><input type=\"hidden\" id=\"ak_js_1\" name=\"_wpcf7_ak_js\" value=\"59\"\/><script>document.getElementById( \"ak_js_1\" ).setAttribute( \"value\", ( new Date() ).getTime() );<\/script><\/p><div class=\"wpcf7-response-output\" aria-hidden=\"true\"><\/div>\n<\/form>\n<\/div>\n<\/h5>\n<p>&nbsp;<\/p>\n<h5 class=\"fonte\">BIL INTERC\u00c2MBIOS E TURISMO<\/h5>\n<address>Avenida Paes de Barros, n\u00ba 2609<br \/>\nMooca, S\u00e3o Paulo &#8211; SP &#8211; Brasil<br \/>\nCEP: 03149-100<br \/>\n<abbr title=\"Telefone\"><i class=\"fa fa-phone-square\" aria-hidden=\"true\"><\/i><\/abbr>&nbsp;(11) 3595-8200<\/address>\n<address><strong class=\"fonte\">EMAIL:<\/strong><br \/>\n<a href=\"mailto:info@bil.com.br\">info@bil.com.br<\/a><\/address>\n<address>&nbsp;<\/address>\n","protected":false},"excerpt":{"rendered":"<p>&nbsp; &nbsp;&nbsp; &nbsp; BIL INTERC\u00c2MBIOS E TURISMO Avenida Paes de Barros, n\u00ba 2609 Mooca, S\u00e3o Paulo &#8211; SP &#8211; Brasil CEP: 03149-100 &nbsp;(11) 3595-8200 EMAIL: info@bil.com.br &nbsp;<\/p>\n","protected":false},"author":1,"featured_media":0,"parent":0,"menu_order":0,"comment_status":"open","ping_status":"open","template":"","meta":{"om_disable_all_campaigns":false,"_monsterinsights_skip_tracking":false,"_monsterinsights_sitenote_active":false,"_monsterinsights_sitenote_note":"","_monsterinsights_sitenote_category":0,"_uf_show_specific_survey":0,"_uf_disable_surveys":false,"footnotes":""},"class_list":["post-210","page","type-page","status-publish","hentry"],"yoast_head":"<!-- This site is optimized with the Yoast SEO plugin v27.4 - https:\/\/yoast.com\/product\/yoast-seo-wordpress\/ -->\n<title>Contato &#8226; Blog - BIL Interc\u00e2mbios e Turismo<\/title>\n<meta name=\"robots\" content=\"index, follow, max-snippet:-1, max-image-preview:large, max-video-preview:-1\" \/>\n<link rel=\"canonical\" href=\"https:\/\/www.bil.com.br\/blog\/contato\/\" \/>\n<meta property=\"og:locale\" content=\"pt_BR\" \/>\n<meta property=\"og:type\" content=\"article\" \/>\n<meta property=\"og:title\" content=\"Contato &#8226; Blog - BIL Interc\u00e2mbios e Turismo\" \/>\n<meta property=\"og:description\" content=\"&nbsp; &nbsp;&nbsp; &nbsp; BIL INTERC\u00c2MBIOS E TURISMO Avenida Paes de Barros, n\u00ba 2609 Mooca, S\u00e3o Paulo &#8211; SP &#8211; Brasil CEP: 03149-100 &nbsp;(11) 3595-8200 EMAIL: info@bil.com.br &nbsp;\" \/>\n<meta property=\"og:url\" content=\"https:\/\/www.bil.com.br\/blog\/contato\/\" \/>\n<meta property=\"og:site_name\" content=\"Blog - BIL Interc\u00e2mbios e Turismo\" \/>\n<meta property=\"article:publisher\" content=\"https:\/\/www.facebook.com\/bilintercambios\" \/>\n<meta property=\"article:modified_time\" content=\"2019-09-06T16:49:35+00:00\" \/>\n<meta name=\"twitter:card\" content=\"summary_large_image\" \/>\n<meta name=\"twitter:site\" content=\"@bilintercambios\" \/>\n<script type=\"application\/ld+json\" class=\"yoast-schema-graph\">{\"@context\":\"https:\\\/\\\/schema.org\",\"@graph\":[{\"@type\":\"WebPage\",\"@id\":\"https:\\\/\\\/www.bil.com.br\\\/blog\\\/contato\\\/\",\"url\":\"https:\\\/\\\/www.bil.com.br\\\/blog\\\/contato\\\/\",\"name\":\"Contato &#8226; Blog - BIL Interc\u00e2mbios e Turismo\",\"isPartOf\":{\"@id\":\"https:\\\/\\\/www.bil.com.br\\\/blog\\\/#website\"},\"datePublished\":\"2013-07-25T14:01:06+00:00\",\"dateModified\":\"2019-09-06T16:49:35+00:00\",\"breadcrumb\":{\"@id\":\"https:\\\/\\\/www.bil.com.br\\\/blog\\\/contato\\\/#breadcrumb\"},\"inLanguage\":\"pt-BR\",\"potentialAction\":[{\"@type\":\"ReadAction\",\"target\":[\"https:\\\/\\\/www.bil.com.br\\\/blog\\\/contato\\\/\"]}]},{\"@type\":\"BreadcrumbList\",\"@id\":\"https:\\\/\\\/www.bil.com.br\\\/blog\\\/contato\\\/#breadcrumb\",\"itemListElement\":[{\"@type\":\"ListItem\",\"position\":1,\"name\":\"In\u00edcio\",\"item\":\"https:\\\/\\\/www.bil.com.br\\\/blog\\\/\"},{\"@type\":\"ListItem\",\"position\":2,\"name\":\"Contato\"}]},{\"@type\":\"WebSite\",\"@id\":\"https:\\\/\\\/www.bil.com.br\\\/blog\\\/#website\",\"url\":\"https:\\\/\\\/www.bil.com.br\\\/blog\\\/\",\"name\":\"Blog - Bil Interc\u00e2mbios e Turismo\",\"description\":\"Blog oficial da BIL Interc\u00e2mbios. Somos uma ag\u00eancia de interc\u00e2mbios e operadora de turismo. Desde 1985 levando jovens ao exterior. Cursos longos e cursos de f\u00e9rias e programas de interc\u00e2mbio para todas as idades.\",\"publisher\":{\"@id\":\"https:\\\/\\\/www.bil.com.br\\\/blog\\\/#organization\"},\"potentialAction\":[{\"@type\":\"SearchAction\",\"target\":{\"@type\":\"EntryPoint\",\"urlTemplate\":\"https:\\\/\\\/www.bil.com.br\\\/blog\\\/?s={search_term_string}\"},\"query-input\":{\"@type\":\"PropertyValueSpecification\",\"valueRequired\":true,\"valueName\":\"search_term_string\"}}],\"inLanguage\":\"pt-BR\"},{\"@type\":\"Organization\",\"@id\":\"https:\\\/\\\/www.bil.com.br\\\/blog\\\/#organization\",\"name\":\"BIL Interc\u00e2mbios & Turismo\",\"url\":\"https:\\\/\\\/www.bil.com.br\\\/blog\\\/\",\"logo\":{\"@type\":\"ImageObject\",\"inLanguage\":\"pt-BR\",\"@id\":\"https:\\\/\\\/www.bil.com.br\\\/blog\\\/#\\\/schema\\\/logo\\\/image\\\/\",\"url\":\"\",\"contentUrl\":\"\",\"caption\":\"BIL Interc\u00e2mbios & Turismo\"},\"image\":{\"@id\":\"https:\\\/\\\/www.bil.com.br\\\/blog\\\/#\\\/schema\\\/logo\\\/image\\\/\"},\"sameAs\":[\"https:\\\/\\\/www.facebook.com\\\/bilintercambios\",\"https:\\\/\\\/x.com\\\/bilintercambios\",\"https:\\\/\\\/www.instagram.com\\\/bilintercambios\\\/\",\"https:\\\/\\\/www.linkedin.com\\\/company\\\/bil-interc-mbios\",\"https:\\\/\\\/www.youtube.com\\\/channel\\\/UCvKk5_ODgCq7D2oz2nt4BNQ\"]}]}<\/script>\n<!-- \/ Yoast SEO plugin. -->","yoast_head_json":{"title":"Contato &#8226; Blog - BIL Interc\u00e2mbios e Turismo","robots":{"index":"index","follow":"follow","max-snippet":"max-snippet:-1","max-image-preview":"max-image-preview:large","max-video-preview":"max-video-preview:-1"},"canonical":"https:\/\/www.bil.com.br\/blog\/contato\/","og_locale":"pt_BR","og_type":"article","og_title":"Contato &#8226; Blog - BIL Interc\u00e2mbios e Turismo","og_description":"&nbsp; &nbsp;&nbsp; &nbsp; BIL INTERC\u00c2MBIOS E TURISMO Avenida Paes de Barros, n\u00ba 2609 Mooca, S\u00e3o Paulo &#8211; SP &#8211; Brasil CEP: 03149-100 &nbsp;(11) 3595-8200 EMAIL: info@bil.com.br &nbsp;","og_url":"https:\/\/www.bil.com.br\/blog\/contato\/","og_site_name":"Blog - BIL Interc\u00e2mbios e Turismo","article_publisher":"https:\/\/www.facebook.com\/bilintercambios","article_modified_time":"2019-09-06T16:49:35+00:00","twitter_card":"summary_large_image","twitter_site":"@bilintercambios","schema":{"@context":"https:\/\/schema.org","@graph":[{"@type":"WebPage","@id":"https:\/\/www.bil.com.br\/blog\/contato\/","url":"https:\/\/www.bil.com.br\/blog\/contato\/","name":"Contato &#8226; Blog - BIL Interc\u00e2mbios e Turismo","isPartOf":{"@id":"https:\/\/www.bil.com.br\/blog\/#website"},"datePublished":"2013-07-25T14:01:06+00:00","dateModified":"2019-09-06T16:49:35+00:00","breadcrumb":{"@id":"https:\/\/www.bil.com.br\/blog\/contato\/#breadcrumb"},"inLanguage":"pt-BR","potentialAction":[{"@type":"ReadAction","target":["https:\/\/www.bil.com.br\/blog\/contato\/"]}]},{"@type":"BreadcrumbList","@id":"https:\/\/www.bil.com.br\/blog\/contato\/#breadcrumb","itemListElement":[{"@type":"ListItem","position":1,"name":"In\u00edcio","item":"https:\/\/www.bil.com.br\/blog\/"},{"@type":"ListItem","position":2,"name":"Contato"}]},{"@type":"WebSite","@id":"https:\/\/www.bil.com.br\/blog\/#website","url":"https:\/\/www.bil.com.br\/blog\/","name":"Blog - Bil Interc\u00e2mbios e Turismo","description":"Blog oficial da BIL Interc\u00e2mbios. Somos uma ag\u00eancia de interc\u00e2mbios e operadora de turismo. Desde 1985 levando jovens ao exterior. Cursos longos e cursos de f\u00e9rias e programas de interc\u00e2mbio para todas as idades.","publisher":{"@id":"https:\/\/www.bil.com.br\/blog\/#organization"},"potentialAction":[{"@type":"SearchAction","target":{"@type":"EntryPoint","urlTemplate":"https:\/\/www.bil.com.br\/blog\/?s={search_term_string}"},"query-input":{"@type":"PropertyValueSpecification","valueRequired":true,"valueName":"search_term_string"}}],"inLanguage":"pt-BR"},{"@type":"Organization","@id":"https:\/\/www.bil.com.br\/blog\/#organization","name":"BIL Interc\u00e2mbios & Turismo","url":"https:\/\/www.bil.com.br\/blog\/","logo":{"@type":"ImageObject","inLanguage":"pt-BR","@id":"https:\/\/www.bil.com.br\/blog\/#\/schema\/logo\/image\/","url":"","contentUrl":"","caption":"BIL Interc\u00e2mbios & Turismo"},"image":{"@id":"https:\/\/www.bil.com.br\/blog\/#\/schema\/logo\/image\/"},"sameAs":["https:\/\/www.facebook.com\/bilintercambios","https:\/\/x.com\/bilintercambios","https:\/\/www.instagram.com\/bilintercambios\/","https:\/\/www.linkedin.com\/company\/bil-interc-mbios","https:\/\/www.youtube.com\/channel\/UCvKk5_ODgCq7D2oz2nt4BNQ"]}]}},"_links":{"self":[{"href":"https:\/\/www.bil.com.br\/blog\/wp-json\/wp\/v2\/pages\/210","targetHints":{"allow":["GET"]}}],"collection":[{"href":"https:\/\/www.bil.com.br\/blog\/wp-json\/wp\/v2\/pages"}],"about":[{"href":"https:\/\/www.bil.com.br\/blog\/wp-json\/wp\/v2\/types\/page"}],"author":[{"embeddable":true,"href":"https:\/\/www.bil.com.br\/blog\/wp-json\/wp\/v2\/users\/1"}],"replies":[{"embeddable":true,"href":"https:\/\/www.bil.com.br\/blog\/wp-json\/wp\/v2\/comments?post=210"}],"version-history":[{"count":0,"href":"https:\/\/www.bil.com.br\/blog\/wp-json\/wp\/v2\/pages\/210\/revisions"}],"wp:attachment":[{"href":"https:\/\/www.bil.com.br\/blog\/wp-json\/wp\/v2\/media?parent=210"}],"curies":[{"name":"wp","href":"https:\/\/api.w.org\/{rel}","templated":true}]}}